{"id":6272,"date":"2022-07-19T08:09:17","date_gmt":"2022-07-19T08:09:17","guid":{"rendered":"https:\/\/tritondispenser.com\/politica-de-privacidad\/"},"modified":"2022-11-04T09:26:36","modified_gmt":"2022-11-04T09:26:36","slug":"politique-de-confidentialite","status":"publish","type":"page","link":"https:\/\/tritondispenser.com\/fr\/politique-de-confidentialite\/","title":{"rendered":"Politique de confidentialit\u00e9"},"content":{"rendered":"\t\t<div data-elementor-type=\"wp-page\" data-elementor-id=\"6272\" class=\"elementor elementor-6272 elementor-497\" data-elementor-post-type=\"page\">\n\t\t\t\t\t\t<section data-dce-background-image-url=\"https:\/\/tritondispenser.com\/wp-content\/uploads\/2022\/07\/fondo-gotas.jpg\" class=\"elementor-section elementor-top-section elementor-element elementor-element-53076153 elementor-section-full_width elementor-section-height-default elementor-section-height-default\" data-id=\"53076153\" data-element_type=\"section\" data-settings=\"{&quot;background_background&quot;:&quot;classic&quot;}\">\n\t\t\t\t\t\t\t<div class=\"elementor-background-overlay\"><\/div>\n\t\t\t\t\t\t\t<div class=\"elementor-container elementor-column-gap-default\">\n\t\t\t\t\t<div class=\"elementor-column elementor-col-100 elementor-top-column elementor-element elementor-element-f725f10\" data-id=\"f725f10\" data-element_type=\"column\">\n\t\t\t<div class=\"elementor-widget-wrap elementor-element-populated\">\n\t\t\t\t\t\t<div class=\"elementor-element elementor-element-16271397 elementor-widget elementor-widget-heading\" data-id=\"16271397\" data-element_type=\"widget\" data-widget_type=\"heading.default\">\n\t\t\t\t<div class=\"elementor-widget-container\">\n\t\t\t<h1 class=\"elementor-heading-title elementor-size-default\">POLITIQUE DE CONFIDENTIALIT\u00c9\n<span class=\"verde_medio\">.<\/span><\/h1>\t\t<\/div>\n\t\t\t\t<\/div>\n\t\t\t\t\t<\/div>\n\t\t<\/div>\n\t\t\t\t\t<\/div>\n\t\t<\/section>\n\t\t\t\t<section class=\"elementor-section elementor-top-section elementor-element elementor-element-4e604d17 elementor-section-boxed elementor-section-height-default elementor-section-height-default\" data-id=\"4e604d17\" data-element_type=\"section\" data-settings=\"{&quot;background_background&quot;:&quot;classic&quot;}\">\n\t\t\t\t\t\t<div class=\"elementor-container elementor-column-gap-default\">\n\t\t\t\t\t<div class=\"elementor-column elementor-col-100 elementor-top-column elementor-element elementor-element-61ada7ef\" data-id=\"61ada7ef\" data-element_type=\"column\">\n\t\t\t<div class=\"elementor-widget-wrap elementor-element-populated\">\n\t\t\t\t\t\t<div class=\"elementor-element elementor-element-23d23219 elementor-widget elementor-widget-text-editor\" data-id=\"23d23219\" data-element_type=\"widget\" data-widget_type=\"text-editor.default\">\n\t\t\t\t<div class=\"elementor-widget-container\">\n\t\t\t\t\t\t\t<div class=\"col-sm-12 latabla\"><table><tbody><tr><th colspan=\"2\"><b>Identit\u00e9 du responsable de traitement<\/b><\/th><\/tr><tr><td><span style=\"font-weight: 400;\">Identit\u00e9<\/span><\/td><td>Iniciativas y Proyectos Hosteleros SL &#8211; CIF: B81821506<\/td><\/tr><tr><td><span style=\"font-weight: 400;\">Adresse postale<\/span><\/td><td>C\/ Newton 1, Edificio 2, Naves 8 y 9 &#8211; 28914 &#8211; Legan\u00e9s<\/td><\/tr><tr><td><span style=\"font-weight: 400;\">T\u00e9l\u00e9phone<\/span><\/td><td>\u00a0+34 918717288<\/td><\/tr><tr><td><span style=\"font-weight: 400;\">Courriel<\/span><\/td><td>admin@tritondispenser.com<\/td><\/tr><\/tbody><\/table><\/div><div class=\"col-sm-12 pageheight\"><p><b>FINALIT\u00c9S<\/b><\/p><p><span style=\"font-weight: 400;\">Description d\u00e9taill\u00e9e du but\/de la finalit\u00e9 du traitement\u00a0:<\/span><span style=\"font-weight: 400;\"><br \/><\/span><span style=\"font-weight: 400;\">Nous traiterons vos donn\u00e9es pour vous informer sur les produits\/services publi\u00e9s sur Internet.<\/span><\/p><p><b>STOCKAGE<\/b><\/p><p><span style=\"font-weight: 400;\">D\u00e9lais ou crit\u00e8res de stockage des donn\u00e9es\u00a0:<\/span><span style=\"font-weight: 400;\"><br \/><\/span><span style=\"font-weight: 400;\">Les donn\u00e9es personnelles fournies seront conserv\u00e9es, aussi longtemps que la relation commerciale est maintenue, leur suppression par la personne concern\u00e9e n\u2019est pas demand\u00e9e, ou pendant 1 an \u00e0 compter de la derni\u00e8re confirmation d\u2019int\u00e9r\u00eat.<\/span><\/p><p><b>D\u00c9CISIONS<\/b><\/p><p><span style=\"font-weight: 400;\">D\u00e9cisions automatis\u00e9es, profils et logique appliqu\u00e9e\u00a0:<\/span><span style=\"font-weight: 400;\"><br \/><\/span><span style=\"font-weight: 400;\">Iniciativas y Proyectos Hosteleros SL NE prend aucune d\u00e9cision automatis\u00e9e.<\/span><\/p><p><b>L\u00c9GITIMIT\u00c9<\/b><\/p><p><span style=\"font-weight: 400;\">L\u00e9gitimation du consentement de la personne concern\u00e9e \/ de l\u2019ex\u00e9cution d\u2019un contrat\u00a0:<\/span><span style=\"font-weight: 400;\"><br \/><\/span><span style=\"font-weight: 400;\">Iniciativas y Proyectos Hosteleros SL demande le consentement de la personne concern\u00e9e avant de collecter des donn\u00e9es, en utilisant un formulaire \u00e9lectronique situ\u00e9 sur le pr\u00e9sent site Web, o\u00f9 vous \u00eates inform\u00e9(e) du traitement de vos donn\u00e9es et il n\u2019est pas possible de poursuivre le traitement \u00e0 moins que la personne concern\u00e9e ne clique et n\u2019accepte ledit traitement.<\/span><\/p><p><b>DESTINATAIRES<\/b><\/p><p><span style=\"font-weight: 400;\">Pendant la dur\u00e9e du traitement, Iniciativas y Proyectos Hosteleros SL ne r\u00e9alise aucune cession, sauf obligation l\u00e9gale, ni aucun transfert.<\/span><\/p><p><b>DROITS<\/b><\/p><p><span style=\"font-weight: 400;\">La personne concern\u00e9e peut exercer les droits suivants\u00a0: Droit de demander l\u2019acc\u00e8s \u00e0 vos donn\u00e9es personnelles. Droit de demander sa rectification ou sa suppression.<\/span><span style=\"font-weight: 400;\"><br \/><\/span><span style=\"font-weight: 400;\">Droit de demander la limitation de votre traitement.<\/span><span style=\"font-weight: 400;\"><br \/><\/span><span style=\"font-weight: 400;\">Droit de s\u2019opposer au traitement des donn\u00e9es. Droit \u00e0 la portabilit\u00e9 des donn\u00e9es. Droit de retirer le consentement accord\u00e9.<\/span><span style=\"font-weight: 400;\"><br \/><\/span><span style=\"font-weight: 400;\">Pour ce faire, on peut utiliser les formulaires habilit\u00e9s par l\u2019entreprise ou contacter<\/span><span style=\"font-weight: 400;\"><br \/><\/span><span style=\"font-weight: 400;\">Iniciativas y Proyectos Hosteleros SL \u2013 C\/ Newton 1, Edificio 2, Naves 8 y 9 \u2013 28914 \u2013 Legan\u00e9s.<\/span><span style=\"font-weight: 400;\"><br \/><\/span><span style=\"font-weight: 400;\">Vous pouvez \u00e9galement envoyer un mail \u00e0\u00a0: admin@tritondispenser.com<\/span><span style=\"font-weight: 400;\"><br \/><\/span><span style=\"font-weight: 400;\">En outre, la personne concern\u00e9e peut s\u2019adresser \u00e0 l\u2019autorit\u00e9 de contr\u00f4le de la protection des donn\u00e9es comp\u00e9tente pour obtenir des informations suppl\u00e9mentaires ou d\u00e9poser une plainte.<\/span><\/p><\/div>\t\t\t\t\t\t<\/div>\n\t\t\t\t<\/div>\n\t\t\t\t\t<\/div>\n\t\t<\/div>\n\t\t\t\t\t<\/div>\n\t\t<\/section>\n\t\t\t\t<\/div>\n\t\t","protected":false},"excerpt":{"rendered":"<p>POLITIQUE DE CONFIDENTIALIT\u00c9 . Identit\u00e9 du responsable de traitement Identit\u00e9 Iniciativas y Proyectos Hosteleros SL &#8211; CIF: B81821506 Adresse postale C\/ Newton 1, Edificio 2, Naves 8 y 9 &#8211; 28914 &#8211; Legan\u00e9s T\u00e9l\u00e9phone &nbsp;+34 918717288 Courriel admin@tritondispenser.com FINALIT\u00c9S Description d\u00e9taill\u00e9e du but\/de la finalit\u00e9 du traitement&nbsp;: Nous traiterons vos donn\u00e9es pour vous informer sur &#8230; <a title=\"Politique de confidentialit\u00e9\" class=\"read-more\" href=\"https:\/\/tritondispenser.com\/fr\/politique-de-confidentialite\/\" aria-label=\"En savoir plus sur Politique de confidentialit\u00e9\">Lire la suite<\/a><\/p>\n","protected":false},"author":7,"featured_media":4589,"parent":0,"menu_order":0,"comment_status":"closed","ping_status":"closed","template":"elementor_header_footer","meta":{"_acf_changed":false,"footnotes":""},"class_list":["post-6272","page","type-page","status-publish","has-post-thumbnail"],"acf":[],"yoast_head":"<!-- This site is optimized with the Yoast SEO plugin v26.1.1 - https:\/\/yoast.com\/wordpress\/plugins\/seo\/ -->\n<title>Politique de confidentialit\u00e9 - Tritondispenser<\/title>\n<meta name=\"robots\" content=\"index, follow, max-snippet:-1, max-image-preview:large, max-video-preview:-1\" \/>\n<link rel=\"canonical\" href=\"https:\/\/tritondispenser.com\/fr\/politique-de-confidentialite\/\" \/>\n<meta property=\"og:locale\" content=\"fr_FR\" \/>\n<meta property=\"og:type\" content=\"article\" \/>\n<meta property=\"og:title\" content=\"Politique de confidentialit\u00e9 - Tritondispenser\" \/>\n<meta property=\"og:description\" content=\"POLITIQUE DE CONFIDENTIALIT\u00c9 . Identit\u00e9 du responsable de traitement Identit\u00e9 Iniciativas y Proyectos Hosteleros SL &#8211; CIF: B81821506 Adresse postale C\/ Newton 1, Edificio 2, Naves 8 y 9 &#8211; 28914 &#8211; Legan\u00e9s T\u00e9l\u00e9phone &nbsp;+34 918717288 Courriel admin@tritondispenser.com FINALIT\u00c9S Description d\u00e9taill\u00e9e du but\/de la finalit\u00e9 du traitement&nbsp;: Nous traiterons vos donn\u00e9es pour vous informer sur ... Lire la suite\" \/>\n<meta property=\"og:url\" content=\"https:\/\/tritondispenser.com\/fr\/politique-de-confidentialite\/\" \/>\n<meta property=\"og:site_name\" content=\"Tritondispenser\" \/>\n<meta property=\"article:modified_time\" content=\"2022-11-04T09:26:36+00:00\" \/>\n<meta property=\"og:image\" content=\"https:\/\/tritondispenser.com\/wp-content\/uploads\/2022\/07\/Destacada-TRITON.jpg\" \/>\n\t<meta property=\"og:image:width\" content=\"900\" \/>\n\t<meta property=\"og:image:height\" content=\"600\" \/>\n\t<meta property=\"og:image:type\" content=\"image\/jpeg\" \/>\n<meta name=\"twitter:card\" content=\"summary_large_image\" \/>\n<meta name=\"twitter:label1\" content=\"Dur\u00e9e de lecture estim\u00e9e\" \/>\n\t<meta name=\"twitter:data1\" content=\"2 minutes\" \/>\n<script type=\"application\/ld+json\" class=\"yoast-schema-graph\">{\"@context\":\"https:\/\/schema.org\",\"@graph\":[{\"@type\":\"WebPage\",\"@id\":\"https:\/\/tritondispenser.com\/fr\/politique-de-confidentialite\/\",\"url\":\"https:\/\/tritondispenser.com\/fr\/politique-de-confidentialite\/\",\"name\":\"Politique de confidentialit\u00e9 - Tritondispenser\",\"isPartOf\":{\"@id\":\"https:\/\/tritondispenser.com\/#website\"},\"primaryImageOfPage\":{\"@id\":\"https:\/\/tritondispenser.com\/fr\/politique-de-confidentialite\/#primaryimage\"},\"image\":{\"@id\":\"https:\/\/tritondispenser.com\/fr\/politique-de-confidentialite\/#primaryimage\"},\"thumbnailUrl\":\"https:\/\/tritondispenser.com\/wp-content\/uploads\/2022\/07\/Destacada-TRITON.jpg\",\"datePublished\":\"2022-07-19T08:09:17+00:00\",\"dateModified\":\"2022-11-04T09:26:36+00:00\",\"breadcrumb\":{\"@id\":\"https:\/\/tritondispenser.com\/fr\/politique-de-confidentialite\/#breadcrumb\"},\"inLanguage\":\"fr-FR\",\"potentialAction\":[{\"@type\":\"ReadAction\",\"target\":[\"https:\/\/tritondispenser.com\/fr\/politique-de-confidentialite\/\"]}]},{\"@type\":\"ImageObject\",\"inLanguage\":\"fr-FR\",\"@id\":\"https:\/\/tritondispenser.com\/fr\/politique-de-confidentialite\/#primaryimage\",\"url\":\"https:\/\/tritondispenser.com\/wp-content\/uploads\/2022\/07\/Destacada-TRITON.jpg\",\"contentUrl\":\"https:\/\/tritondispenser.com\/wp-content\/uploads\/2022\/07\/Destacada-TRITON.jpg\",\"width\":900,\"height\":600},{\"@type\":\"BreadcrumbList\",\"@id\":\"https:\/\/tritondispenser.com\/fr\/politique-de-confidentialite\/#breadcrumb\",\"itemListElement\":[{\"@type\":\"ListItem\",\"position\":1,\"name\":\"Portada\",\"item\":\"https:\/\/tritondispenser.com\/\"},{\"@type\":\"ListItem\",\"position\":2,\"name\":\"Politique de confidentialit\u00e9\"}]},{\"@type\":\"WebSite\",\"@id\":\"https:\/\/tritondispenser.com\/#website\",\"url\":\"https:\/\/tritondispenser.com\/\",\"name\":\"Tritondispenser\",\"description\":\"Dispensadores port\u00e1tiles de cerveza Tritondispenser, desde 1995\",\"publisher\":{\"@id\":\"https:\/\/tritondispenser.com\/#organization\"},\"potentialAction\":[{\"@type\":\"SearchAction\",\"target\":{\"@type\":\"EntryPoint\",\"urlTemplate\":\"https:\/\/tritondispenser.com\/?s={search_term_string}\"},\"query-input\":{\"@type\":\"PropertyValueSpecification\",\"valueRequired\":true,\"valueName\":\"search_term_string\"}}],\"inLanguage\":\"fr-FR\"},{\"@type\":\"Organization\",\"@id\":\"https:\/\/tritondispenser.com\/#organization\",\"name\":\"Tritondispenser\",\"url\":\"https:\/\/tritondispenser.com\/\",\"logo\":{\"@type\":\"ImageObject\",\"inLanguage\":\"fr-FR\",\"@id\":\"https:\/\/tritondispenser.com\/#\/schema\/logo\/image\/\",\"url\":\"https:\/\/tritondispenser.com\/wp-content\/uploads\/2022\/07\/logo-triton.svg\",\"contentUrl\":\"https:\/\/tritondispenser.com\/wp-content\/uploads\/2022\/07\/logo-triton.svg\",\"width\":1,\"height\":1,\"caption\":\"Tritondispenser\"},\"image\":{\"@id\":\"https:\/\/tritondispenser.com\/#\/schema\/logo\/image\/\"}}]}<\/script>\n<!-- \/ Yoast SEO plugin. -->","yoast_head_json":{"title":"Politique de confidentialit\u00e9 - Tritondispenser","robots":{"index":"index","follow":"follow","max-snippet":"max-snippet:-1","max-image-preview":"max-image-preview:large","max-video-preview":"max-video-preview:-1"},"canonical":"https:\/\/tritondispenser.com\/fr\/politique-de-confidentialite\/","og_locale":"fr_FR","og_type":"article","og_title":"Politique de confidentialit\u00e9 - Tritondispenser","og_description":"POLITIQUE DE CONFIDENTIALIT\u00c9 . Identit\u00e9 du responsable de traitement Identit\u00e9 Iniciativas y Proyectos Hosteleros SL &#8211; CIF: B81821506 Adresse postale C\/ Newton 1, Edificio 2, Naves 8 y 9 &#8211; 28914 &#8211; Legan\u00e9s T\u00e9l\u00e9phone &nbsp;+34 918717288 Courriel admin@tritondispenser.com FINALIT\u00c9S Description d\u00e9taill\u00e9e du but\/de la finalit\u00e9 du traitement&nbsp;: Nous traiterons vos donn\u00e9es pour vous informer sur ... Lire la suite","og_url":"https:\/\/tritondispenser.com\/fr\/politique-de-confidentialite\/","og_site_name":"Tritondispenser","article_modified_time":"2022-11-04T09:26:36+00:00","og_image":[{"width":900,"height":600,"url":"https:\/\/tritondispenser.com\/wp-content\/uploads\/2022\/07\/Destacada-TRITON.jpg","type":"image\/jpeg"}],"twitter_card":"summary_large_image","twitter_misc":{"Dur\u00e9e de lecture estim\u00e9e":"2 minutes"},"schema":{"@context":"https:\/\/schema.org","@graph":[{"@type":"WebPage","@id":"https:\/\/tritondispenser.com\/fr\/politique-de-confidentialite\/","url":"https:\/\/tritondispenser.com\/fr\/politique-de-confidentialite\/","name":"Politique de confidentialit\u00e9 - Tritondispenser","isPartOf":{"@id":"https:\/\/tritondispenser.com\/#website"},"primaryImageOfPage":{"@id":"https:\/\/tritondispenser.com\/fr\/politique-de-confidentialite\/#primaryimage"},"image":{"@id":"https:\/\/tritondispenser.com\/fr\/politique-de-confidentialite\/#primaryimage"},"thumbnailUrl":"https:\/\/tritondispenser.com\/wp-content\/uploads\/2022\/07\/Destacada-TRITON.jpg","datePublished":"2022-07-19T08:09:17+00:00","dateModified":"2022-11-04T09:26:36+00:00","breadcrumb":{"@id":"https:\/\/tritondispenser.com\/fr\/politique-de-confidentialite\/#breadcrumb"},"inLanguage":"fr-FR","potentialAction":[{"@type":"ReadAction","target":["https:\/\/tritondispenser.com\/fr\/politique-de-confidentialite\/"]}]},{"@type":"ImageObject","inLanguage":"fr-FR","@id":"https:\/\/tritondispenser.com\/fr\/politique-de-confidentialite\/#primaryimage","url":"https:\/\/tritondispenser.com\/wp-content\/uploads\/2022\/07\/Destacada-TRITON.jpg","contentUrl":"https:\/\/tritondispenser.com\/wp-content\/uploads\/2022\/07\/Destacada-TRITON.jpg","width":900,"height":600},{"@type":"BreadcrumbList","@id":"https:\/\/tritondispenser.com\/fr\/politique-de-confidentialite\/#breadcrumb","itemListElement":[{"@type":"ListItem","position":1,"name":"Portada","item":"https:\/\/tritondispenser.com\/"},{"@type":"ListItem","position":2,"name":"Politique de confidentialit\u00e9"}]},{"@type":"WebSite","@id":"https:\/\/tritondispenser.com\/#website","url":"https:\/\/tritondispenser.com\/","name":"Tritondispenser","description":"Dispensadores port\u00e1tiles de cerveza Tritondispenser, desde 1995","publisher":{"@id":"https:\/\/tritondispenser.com\/#organization"},"potentialAction":[{"@type":"SearchAction","target":{"@type":"EntryPoint","urlTemplate":"https:\/\/tritondispenser.com\/?s={search_term_string}"},"query-input":{"@type":"PropertyValueSpecification","valueRequired":true,"valueName":"search_term_string"}}],"inLanguage":"fr-FR"},{"@type":"Organization","@id":"https:\/\/tritondispenser.com\/#organization","name":"Tritondispenser","url":"https:\/\/tritondispenser.com\/","logo":{"@type":"ImageObject","inLanguage":"fr-FR","@id":"https:\/\/tritondispenser.com\/#\/schema\/logo\/image\/","url":"https:\/\/tritondispenser.com\/wp-content\/uploads\/2022\/07\/logo-triton.svg","contentUrl":"https:\/\/tritondispenser.com\/wp-content\/uploads\/2022\/07\/logo-triton.svg","width":1,"height":1,"caption":"Tritondispenser"},"image":{"@id":"https:\/\/tritondispenser.com\/#\/schema\/logo\/image\/"}}]}},"_links":{"self":[{"href":"https:\/\/tritondispenser.com\/fr\/wp-json\/wp\/v2\/pages\/6272","targetHints":{"allow":["GET"]}}],"collection":[{"href":"https:\/\/tritondispenser.com\/fr\/wp-json\/wp\/v2\/pages"}],"about":[{"href":"https:\/\/tritondispenser.com\/fr\/wp-json\/wp\/v2\/types\/page"}],"author":[{"embeddable":true,"href":"https:\/\/tritondispenser.com\/fr\/wp-json\/wp\/v2\/users\/7"}],"replies":[{"embeddable":true,"href":"https:\/\/tritondispenser.com\/fr\/wp-json\/wp\/v2\/comments?post=6272"}],"version-history":[{"count":10,"href":"https:\/\/tritondispenser.com\/fr\/wp-json\/wp\/v2\/pages\/6272\/revisions"}],"predecessor-version":[{"id":6710,"href":"https:\/\/tritondispenser.com\/fr\/wp-json\/wp\/v2\/pages\/6272\/revisions\/6710"}],"wp:featuredmedia":[{"embeddable":true,"href":"https:\/\/tritondispenser.com\/fr\/wp-json\/wp\/v2\/media\/4589"}],"wp:attachment":[{"href":"https:\/\/tritondispenser.com\/fr\/wp-json\/wp\/v2\/media?parent=6272"}],"curies":[{"name":"wp","href":"https:\/\/api.w.org\/{rel}","templated":true}]}}