{"id":6386,"date":"2022-07-15T09:25:49","date_gmt":"2022-07-15T09:25:49","guid":{"rendered":"https:\/\/tritondispenser.com\/nota-legal\/"},"modified":"2022-11-02T11:33:42","modified_gmt":"2022-11-02T11:33:42","slug":"mentions-legales","status":"publish","type":"page","link":"https:\/\/tritondispenser.com\/fr\/mentions-legales\/","title":{"rendered":"Mentions L\u00e9gales"},"content":{"rendered":"\t\t<div data-elementor-type=\"wp-page\" data-elementor-id=\"6386\" class=\"elementor elementor-6386 elementor-190\" data-elementor-post-type=\"page\">\n\t\t\t\t\t\t<section data-dce-background-image-url=\"https:\/\/tritondispenser.com\/wp-content\/uploads\/2022\/07\/fondo-gotas.jpg\" class=\"elementor-section elementor-top-section elementor-element elementor-element-47d0c5ad elementor-section-full_width elementor-section-height-default elementor-section-height-default\" data-id=\"47d0c5ad\" data-element_type=\"section\" data-settings=\"{&quot;background_background&quot;:&quot;classic&quot;}\">\n\t\t\t\t\t\t\t<div class=\"elementor-background-overlay\"><\/div>\n\t\t\t\t\t\t\t<div class=\"elementor-container elementor-column-gap-default\">\n\t\t\t\t\t<div class=\"elementor-column elementor-col-100 elementor-top-column elementor-element elementor-element-635ea0d3\" data-id=\"635ea0d3\" data-element_type=\"column\">\n\t\t\t<div class=\"elementor-widget-wrap elementor-element-populated\">\n\t\t\t\t\t\t<div class=\"elementor-element elementor-element-19d7918c elementor-widget elementor-widget-heading\" data-id=\"19d7918c\" data-element_type=\"widget\" data-widget_type=\"heading.default\">\n\t\t\t\t<div class=\"elementor-widget-container\">\n\t\t\t<h1 class=\"elementor-heading-title elementor-size-default\">MENTIONS L\u00c9GALES<span class=\"verde_medio\">.<\/span><\/h1>\t\t<\/div>\n\t\t\t\t<\/div>\n\t\t\t\t\t<\/div>\n\t\t<\/div>\n\t\t\t\t\t<\/div>\n\t\t<\/section>\n\t\t\t\t<section class=\"elementor-section elementor-top-section elementor-element elementor-element-5f0e8db3 elementor-section-boxed elementor-section-height-default elementor-section-height-default\" data-id=\"5f0e8db3\" data-element_type=\"section\" data-settings=\"{&quot;background_background&quot;:&quot;classic&quot;}\">\n\t\t\t\t\t\t<div class=\"elementor-container elementor-column-gap-default\">\n\t\t\t\t\t<div class=\"elementor-column elementor-col-100 elementor-top-column elementor-element elementor-element-67eab265\" data-id=\"67eab265\" data-element_type=\"column\">\n\t\t\t<div class=\"elementor-widget-wrap elementor-element-populated\">\n\t\t\t\t\t\t<div class=\"elementor-element elementor-element-11dc73cb elementor-widget elementor-widget-text-editor\" data-id=\"11dc73cb\" data-element_type=\"widget\" data-widget_type=\"text-editor.default\">\n\t\t\t\t<div class=\"elementor-widget-container\">\n\t\t\t\t\t\t\t<p><span style=\"font-weight: 400;\">Conform\u00e9ment \u00e0 l\u2019article 10 de la loi 34\/2002, du 11&nbsp;juillet, sur les services de la soci\u00e9t\u00e9 de l&rsquo;information et du commerce \u00e9lectronique (en espagnol&nbsp;: \u00ab&nbsp;Servicios de la Sociedad de la Informaci\u00f3n y de Comercio Electr\u00f3nico [LSSICE]), les donn\u00e9es d\u2019identification de l\u2019entreprise sont les suivantes&nbsp;:<\/span><\/p>\n<p><b>Nom commercial&nbsp;:&nbsp;<\/b><span style=\"font-weight: 400;\">TritonDispenser<\/span><span style=\"font-weight: 400;\"><br><\/span><b>Raison sociale&nbsp;:&nbsp;<\/b><span style=\"font-weight: 400;\">Iniciativas y Proyectos Hosteleros SL NIF : B81821506<\/span><span style=\"font-weight: 400;\"><br><\/span><b>Adresse&nbsp;:<\/b><span style=\"font-weight: 400;\">&nbsp;C\/ Newton 1, Edificio 2, Naves 8 y 9 \u2013 28914 \u2013 Legan\u00e9s \u2013 T\u00e9l\u00e9phone&nbsp;: 918717288<\/span><span style=\"font-weight: 400;\"><br><\/span><b>Courriel&nbsp;:<\/b><span style=\"font-weight: 400;\"> admin@tritondispenser.com<\/span><\/p>\n<p><b>BUT DU SITE INTERNET.<\/b><b><br><\/b><span style=\"font-weight: 400;\">Vous informer sur les produits\/services publi\u00e9s sur le pr\u00e9sente site.<\/span><\/p>\n<p><span style=\"font-weight: 400;\">Les pr\u00e9sentes mentions l\u00e9gales (ci-apr\u00e8s les \u00ab&nbsp;mentions l\u00e9gales&nbsp;\u00bb) r\u00e9gissent l\u2019utilisation du site web&nbsp;:<\/span><span style=\"font-weight: 400;\"><br><\/span><span style=\"font-weight: 400;\">www.tritondispenser.com<\/span><\/p>\n<p><b>L\u00c9GISLATION<\/b><span style=\"font-weight: 400;\"><br><\/span><span style=\"font-weight: 400;\">D\u2019une mani\u00e8re g\u00e9n\u00e9rale, les relations entre Iniciativas y Proyectos Hostleros SL (Triton Dispenser) et les Utilisateurs de ses services t\u00e9l\u00e9matiques, pr\u00e9sents sur ce site web, sont soumises \u00e0 la l\u00e9gislation et \u00e0 la juridiction espagnoles.<\/span><\/p>\n<p><b>UTILISATION ET ACC\u00c8S DES UTILISATEURS<\/b><span style=\"font-weight: 400;\"><br><\/span><span style=\"font-weight: 400;\">L\u2019Utilisateur est inform\u00e9, et accepte, que l\u2019acc\u00e8s \u00e0 ce site Web n\u2019implique en aucune fa\u00e7on le d\u00e9but d\u2019une relation commerciale avec Iniciativas y Proyectos Hosteleros SL (Triton Dispenser) ni avec l\u2019une de ses d\u00e9l\u00e9gations.<\/span><\/p>\n<p><b>PROPRI\u00c9T\u00c9 INTELLECTUELLE ET INDUSTRIELLE.<\/b><span style=\"font-weight: 400;\"><br><\/span><span style=\"font-weight: 400;\">Les droits de propri\u00e9t\u00e9 intellectuelle sur le contenu de ce site, sa conception graphique et ses codes sont d\u00e9tenus par Iniciativas y Proyectos Hosteleros SL (Triton Dispenser) et, par cons\u00e9quent, toute reproduction, distribution, communication publique, transformation ou toute autre activit\u00e9 qui peut \u00eatre r\u00e9alis\u00e9e avec les contenus, m\u00eame en citant les sources, est interdite, sauf avec accord par \u00e9crit de Iniciativas y Proyectos Hosteleros SL (Triton Dispenser).<\/span><\/p>\n<p><b>CONTENU DU SITE ET LIENS (LINKS).<\/b><b><br><\/b><span style=\"font-weight: 400;\">Iniciativas y Proyectos Hosteleros SL (Triton Dispenser) se r\u00e9serve le droit de mettre \u00e0 jour, modifier ou supprimer les informations contenues sur ce site Web, et peut m\u00eame restreindre ou ne pas autoriser l\u2019acc\u00e8s \u00e0 ces informations pour certains utilisateurs.<\/span><\/p>\n<p><span style=\"font-weight: 400;\">Iniciativas y Proyectos Hosteleros SL (Triton Dispenser) d\u00e9cline toute responsabilit\u00e9 pour les informations contenues sur ce site de tiers, auxquels on peut acc\u00e9der par des \u00ab&nbsp;links&nbsp;\u00bb ou des liens \u00e0 partir de ce site Web, qui est la propri\u00e9t\u00e9 de Iniciativas y Proyectos Hosteleros SL (Triton Dispenser). La pr\u00e9sence de \u00ab links \u00bb ou de liens sur le site de Iniciativas y Proyectos Hosteleros SL (Triton Dispenser) a un but purement informatif et ne constitue en aucun cas une suggestion, une invitation ou recommandation \u00e0 leur sujet.<\/span><\/p>\t\t\t\t\t\t<\/div>\n\t\t\t\t<\/div>\n\t\t\t\t\t<\/div>\n\t\t<\/div>\n\t\t\t\t\t<\/div>\n\t\t<\/section>\n\t\t\t\t<\/div>\n\t\t","protected":false},"excerpt":{"rendered":"<p>MENTIONS L\u00c9GALES. Conform\u00e9ment \u00e0 l\u2019article 10 de la loi 34\/2002, du 11&nbsp;juillet, sur les services de la soci\u00e9t\u00e9 de l&rsquo;information et du commerce \u00e9lectronique (en espagnol&nbsp;: \u00ab&nbsp;Servicios de la Sociedad de la Informaci\u00f3n y de Comercio Electr\u00f3nico [LSSICE]), les donn\u00e9es d\u2019identification de l\u2019entreprise sont les suivantes&nbsp;: Nom commercial&nbsp;:&nbsp;TritonDispenserRaison sociale&nbsp;:&nbsp;Iniciativas y Proyectos Hosteleros SL NIF : &#8230; <a title=\"Mentions L\u00e9gales\" class=\"read-more\" href=\"https:\/\/tritondispenser.com\/fr\/mentions-legales\/\" aria-label=\"En savoir plus sur Mentions L\u00e9gales\">Lire la suite<\/a><\/p>\n","protected":false},"author":7,"featured_media":4589,"parent":0,"menu_order":0,"comment_status":"closed","ping_status":"closed","template":"elementor_header_footer","meta":{"_acf_changed":false,"footnotes":""},"class_list":["post-6386","page","type-page","status-publish","has-post-thumbnail"],"acf":[],"yoast_head":"<!-- This site is optimized with the Yoast SEO plugin v26.1.1 - https:\/\/yoast.com\/wordpress\/plugins\/seo\/ -->\n<title>Mentions L\u00e9gales - Tritondispenser<\/title>\n<meta name=\"description\" content=\"Conform\u00e9ment \u00e0 l\u2019article 10 de la loi 34\/2002, du 11 juillet, sur les services de la soci\u00e9t\u00e9 de l&#039;information et du commerce \u00e9lectronique (en espagnol : \u00ab Servicios de la Sociedad de la Informaci\u00f3n y de Comercio Electr\u00f3nico [LSSICE]), les donn\u00e9es d\u2019identification de l\u2019entreprise sont les suivantes.\" \/>\n<meta name=\"robots\" content=\"index, follow, max-snippet:-1, max-image-preview:large, max-video-preview:-1\" \/>\n<link rel=\"canonical\" href=\"https:\/\/tritondispenser.com\/fr\/mentions-legales\/\" \/>\n<meta property=\"og:locale\" content=\"fr_FR\" \/>\n<meta property=\"og:type\" content=\"article\" \/>\n<meta property=\"og:title\" content=\"Mentions L\u00e9gales - Tritondispenser\" \/>\n<meta property=\"og:description\" content=\"Conform\u00e9ment \u00e0 l\u2019article 10 de la loi 34\/2002, du 11 juillet, sur les services de la soci\u00e9t\u00e9 de l&#039;information et du commerce \u00e9lectronique (en espagnol : \u00ab Servicios de la Sociedad de la Informaci\u00f3n y de Comercio Electr\u00f3nico [LSSICE]), les donn\u00e9es d\u2019identification de l\u2019entreprise sont les suivantes.\" \/>\n<meta property=\"og:url\" content=\"https:\/\/tritondispenser.com\/fr\/mentions-legales\/\" \/>\n<meta property=\"og:site_name\" content=\"Tritondispenser\" \/>\n<meta property=\"article:modified_time\" content=\"2022-11-02T11:33:42+00:00\" \/>\n<meta property=\"og:image\" content=\"https:\/\/tritondispenser.com\/wp-content\/uploads\/2022\/07\/Destacada-TRITON.jpg\" \/>\n\t<meta property=\"og:image:width\" content=\"900\" \/>\n\t<meta property=\"og:image:height\" content=\"600\" \/>\n\t<meta property=\"og:image:type\" content=\"image\/jpeg\" \/>\n<meta name=\"twitter:card\" content=\"summary_large_image\" \/>\n<meta name=\"twitter:label1\" content=\"Dur\u00e9e de lecture estim\u00e9e\" \/>\n\t<meta name=\"twitter:data1\" content=\"2 minutes\" \/>\n<script type=\"application\/ld+json\" class=\"yoast-schema-graph\">{\"@context\":\"https:\/\/schema.org\",\"@graph\":[{\"@type\":\"WebPage\",\"@id\":\"https:\/\/tritondispenser.com\/fr\/mentions-legales\/\",\"url\":\"https:\/\/tritondispenser.com\/fr\/mentions-legales\/\",\"name\":\"Mentions L\u00e9gales - Tritondispenser\",\"isPartOf\":{\"@id\":\"https:\/\/tritondispenser.com\/#website\"},\"primaryImageOfPage\":{\"@id\":\"https:\/\/tritondispenser.com\/fr\/mentions-legales\/#primaryimage\"},\"image\":{\"@id\":\"https:\/\/tritondispenser.com\/fr\/mentions-legales\/#primaryimage\"},\"thumbnailUrl\":\"https:\/\/tritondispenser.com\/wp-content\/uploads\/2022\/07\/Destacada-TRITON.jpg\",\"datePublished\":\"2022-07-15T09:25:49+00:00\",\"dateModified\":\"2022-11-02T11:33:42+00:00\",\"description\":\"Conform\u00e9ment \u00e0 l\u2019article 10 de la loi 34\/2002, du 11 juillet, sur les services de la soci\u00e9t\u00e9 de l'information et du commerce \u00e9lectronique (en espagnol : \u00ab Servicios de la Sociedad de la Informaci\u00f3n y de Comercio Electr\u00f3nico [LSSICE]), les donn\u00e9es d\u2019identification de l\u2019entreprise sont les suivantes.\",\"breadcrumb\":{\"@id\":\"https:\/\/tritondispenser.com\/fr\/mentions-legales\/#breadcrumb\"},\"inLanguage\":\"fr-FR\",\"potentialAction\":[{\"@type\":\"ReadAction\",\"target\":[\"https:\/\/tritondispenser.com\/fr\/mentions-legales\/\"]}]},{\"@type\":\"ImageObject\",\"inLanguage\":\"fr-FR\",\"@id\":\"https:\/\/tritondispenser.com\/fr\/mentions-legales\/#primaryimage\",\"url\":\"https:\/\/tritondispenser.com\/wp-content\/uploads\/2022\/07\/Destacada-TRITON.jpg\",\"contentUrl\":\"https:\/\/tritondispenser.com\/wp-content\/uploads\/2022\/07\/Destacada-TRITON.jpg\",\"width\":900,\"height\":600},{\"@type\":\"BreadcrumbList\",\"@id\":\"https:\/\/tritondispenser.com\/fr\/mentions-legales\/#breadcrumb\",\"itemListElement\":[{\"@type\":\"ListItem\",\"position\":1,\"name\":\"Portada\",\"item\":\"https:\/\/tritondispenser.com\/\"},{\"@type\":\"ListItem\",\"position\":2,\"name\":\"Mentions L\u00e9gales\"}]},{\"@type\":\"WebSite\",\"@id\":\"https:\/\/tritondispenser.com\/#website\",\"url\":\"https:\/\/tritondispenser.com\/\",\"name\":\"Tritondispenser\",\"description\":\"Dispensadores port\u00e1tiles de cerveza Tritondispenser, desde 1995\",\"publisher\":{\"@id\":\"https:\/\/tritondispenser.com\/#organization\"},\"potentialAction\":[{\"@type\":\"SearchAction\",\"target\":{\"@type\":\"EntryPoint\",\"urlTemplate\":\"https:\/\/tritondispenser.com\/?s={search_term_string}\"},\"query-input\":{\"@type\":\"PropertyValueSpecification\",\"valueRequired\":true,\"valueName\":\"search_term_string\"}}],\"inLanguage\":\"fr-FR\"},{\"@type\":\"Organization\",\"@id\":\"https:\/\/tritondispenser.com\/#organization\",\"name\":\"Tritondispenser\",\"url\":\"https:\/\/tritondispenser.com\/\",\"logo\":{\"@type\":\"ImageObject\",\"inLanguage\":\"fr-FR\",\"@id\":\"https:\/\/tritondispenser.com\/#\/schema\/logo\/image\/\",\"url\":\"https:\/\/tritondispenser.com\/wp-content\/uploads\/2022\/07\/logo-triton.svg\",\"contentUrl\":\"https:\/\/tritondispenser.com\/wp-content\/uploads\/2022\/07\/logo-triton.svg\",\"width\":1,\"height\":1,\"caption\":\"Tritondispenser\"},\"image\":{\"@id\":\"https:\/\/tritondispenser.com\/#\/schema\/logo\/image\/\"}}]}<\/script>\n<!-- \/ Yoast SEO plugin. -->","yoast_head_json":{"title":"Mentions L\u00e9gales - Tritondispenser","description":"Conform\u00e9ment \u00e0 l\u2019article 10 de la loi 34\/2002, du 11 juillet, sur les services de la soci\u00e9t\u00e9 de l'information et du commerce \u00e9lectronique (en espagnol : \u00ab Servicios de la Sociedad de la Informaci\u00f3n y de Comercio Electr\u00f3nico [LSSICE]), les donn\u00e9es d\u2019identification de l\u2019entreprise sont les suivantes.","robots":{"index":"index","follow":"follow","max-snippet":"max-snippet:-1","max-image-preview":"max-image-preview:large","max-video-preview":"max-video-preview:-1"},"canonical":"https:\/\/tritondispenser.com\/fr\/mentions-legales\/","og_locale":"fr_FR","og_type":"article","og_title":"Mentions L\u00e9gales - Tritondispenser","og_description":"Conform\u00e9ment \u00e0 l\u2019article 10 de la loi 34\/2002, du 11 juillet, sur les services de la soci\u00e9t\u00e9 de l'information et du commerce \u00e9lectronique (en espagnol : \u00ab Servicios de la Sociedad de la Informaci\u00f3n y de Comercio Electr\u00f3nico [LSSICE]), les donn\u00e9es d\u2019identification de l\u2019entreprise sont les suivantes.","og_url":"https:\/\/tritondispenser.com\/fr\/mentions-legales\/","og_site_name":"Tritondispenser","article_modified_time":"2022-11-02T11:33:42+00:00","og_image":[{"width":900,"height":600,"url":"https:\/\/tritondispenser.com\/wp-content\/uploads\/2022\/07\/Destacada-TRITON.jpg","type":"image\/jpeg"}],"twitter_card":"summary_large_image","twitter_misc":{"Dur\u00e9e de lecture estim\u00e9e":"2 minutes"},"schema":{"@context":"https:\/\/schema.org","@graph":[{"@type":"WebPage","@id":"https:\/\/tritondispenser.com\/fr\/mentions-legales\/","url":"https:\/\/tritondispenser.com\/fr\/mentions-legales\/","name":"Mentions L\u00e9gales - Tritondispenser","isPartOf":{"@id":"https:\/\/tritondispenser.com\/#website"},"primaryImageOfPage":{"@id":"https:\/\/tritondispenser.com\/fr\/mentions-legales\/#primaryimage"},"image":{"@id":"https:\/\/tritondispenser.com\/fr\/mentions-legales\/#primaryimage"},"thumbnailUrl":"https:\/\/tritondispenser.com\/wp-content\/uploads\/2022\/07\/Destacada-TRITON.jpg","datePublished":"2022-07-15T09:25:49+00:00","dateModified":"2022-11-02T11:33:42+00:00","description":"Conform\u00e9ment \u00e0 l\u2019article 10 de la loi 34\/2002, du 11 juillet, sur les services de la soci\u00e9t\u00e9 de l'information et du commerce \u00e9lectronique (en espagnol : \u00ab Servicios de la Sociedad de la Informaci\u00f3n y de Comercio Electr\u00f3nico [LSSICE]), les donn\u00e9es d\u2019identification de l\u2019entreprise sont les suivantes.","breadcrumb":{"@id":"https:\/\/tritondispenser.com\/fr\/mentions-legales\/#breadcrumb"},"inLanguage":"fr-FR","potentialAction":[{"@type":"ReadAction","target":["https:\/\/tritondispenser.com\/fr\/mentions-legales\/"]}]},{"@type":"ImageObject","inLanguage":"fr-FR","@id":"https:\/\/tritondispenser.com\/fr\/mentions-legales\/#primaryimage","url":"https:\/\/tritondispenser.com\/wp-content\/uploads\/2022\/07\/Destacada-TRITON.jpg","contentUrl":"https:\/\/tritondispenser.com\/wp-content\/uploads\/2022\/07\/Destacada-TRITON.jpg","width":900,"height":600},{"@type":"BreadcrumbList","@id":"https:\/\/tritondispenser.com\/fr\/mentions-legales\/#breadcrumb","itemListElement":[{"@type":"ListItem","position":1,"name":"Portada","item":"https:\/\/tritondispenser.com\/"},{"@type":"ListItem","position":2,"name":"Mentions L\u00e9gales"}]},{"@type":"WebSite","@id":"https:\/\/tritondispenser.com\/#website","url":"https:\/\/tritondispenser.com\/","name":"Tritondispenser","description":"Dispensadores port\u00e1tiles de cerveza Tritondispenser, desde 1995","publisher":{"@id":"https:\/\/tritondispenser.com\/#organization"},"potentialAction":[{"@type":"SearchAction","target":{"@type":"EntryPoint","urlTemplate":"https:\/\/tritondispenser.com\/?s={search_term_string}"},"query-input":{"@type":"PropertyValueSpecification","valueRequired":true,"valueName":"search_term_string"}}],"inLanguage":"fr-FR"},{"@type":"Organization","@id":"https:\/\/tritondispenser.com\/#organization","name":"Tritondispenser","url":"https:\/\/tritondispenser.com\/","logo":{"@type":"ImageObject","inLanguage":"fr-FR","@id":"https:\/\/tritondispenser.com\/#\/schema\/logo\/image\/","url":"https:\/\/tritondispenser.com\/wp-content\/uploads\/2022\/07\/logo-triton.svg","contentUrl":"https:\/\/tritondispenser.com\/wp-content\/uploads\/2022\/07\/logo-triton.svg","width":1,"height":1,"caption":"Tritondispenser"},"image":{"@id":"https:\/\/tritondispenser.com\/#\/schema\/logo\/image\/"}}]}},"_links":{"self":[{"href":"https:\/\/tritondispenser.com\/fr\/wp-json\/wp\/v2\/pages\/6386","targetHints":{"allow":["GET"]}}],"collection":[{"href":"https:\/\/tritondispenser.com\/fr\/wp-json\/wp\/v2\/pages"}],"about":[{"href":"https:\/\/tritondispenser.com\/fr\/wp-json\/wp\/v2\/types\/page"}],"author":[{"embeddable":true,"href":"https:\/\/tritondispenser.com\/fr\/wp-json\/wp\/v2\/users\/7"}],"replies":[{"embeddable":true,"href":"https:\/\/tritondispenser.com\/fr\/wp-json\/wp\/v2\/comments?post=6386"}],"version-history":[{"count":4,"href":"https:\/\/tritondispenser.com\/fr\/wp-json\/wp\/v2\/pages\/6386\/revisions"}],"predecessor-version":[{"id":6391,"href":"https:\/\/tritondispenser.com\/fr\/wp-json\/wp\/v2\/pages\/6386\/revisions\/6391"}],"wp:featuredmedia":[{"embeddable":true,"href":"https:\/\/tritondispenser.com\/fr\/wp-json\/wp\/v2\/media\/4589"}],"wp:attachment":[{"href":"https:\/\/tritondispenser.com\/fr\/wp-json\/wp\/v2\/media?parent=6386"}],"curies":[{"name":"wp","href":"https:\/\/api.w.org\/{rel}","templated":true}]}}