{"id":6393,"date":"2022-07-15T09:25:49","date_gmt":"2022-07-15T09:25:49","guid":{"rendered":"https:\/\/tritondispenser.com\/politica-de-cookies\/"},"modified":"2022-11-02T11:41:11","modified_gmt":"2022-11-02T11:41:11","slug":"politique-de-cookies","status":"publish","type":"page","link":"https:\/\/tritondispenser.com\/fr\/politique-de-cookies\/","title":{"rendered":"Politique de cookies"},"content":{"rendered":"\t\t<div data-elementor-type=\"wp-page\" data-elementor-id=\"6393\" class=\"elementor elementor-6393 elementor-193\" data-elementor-post-type=\"page\">\n\t\t\t\t\t\t<section data-dce-background-image-url=\"https:\/\/tritondispenser.com\/wp-content\/uploads\/2022\/07\/fondo-gotas.jpg\" class=\"elementor-section elementor-top-section elementor-element elementor-element-53076153 elementor-section-full_width elementor-section-height-default elementor-section-height-default\" data-id=\"53076153\" data-element_type=\"section\" data-settings=\"{&quot;background_background&quot;:&quot;classic&quot;}\">\n\t\t\t\t\t\t\t<div class=\"elementor-background-overlay\"><\/div>\n\t\t\t\t\t\t\t<div class=\"elementor-container elementor-column-gap-default\">\n\t\t\t\t\t<div class=\"elementor-column elementor-col-100 elementor-top-column elementor-element elementor-element-f725f10\" data-id=\"f725f10\" data-element_type=\"column\">\n\t\t\t<div class=\"elementor-widget-wrap elementor-element-populated\">\n\t\t\t\t\t\t<div class=\"elementor-element elementor-element-16271397 elementor-widget elementor-widget-heading\" data-id=\"16271397\" data-element_type=\"widget\" data-widget_type=\"heading.default\">\n\t\t\t\t<div class=\"elementor-widget-container\">\n\t\t\t<h1 class=\"elementor-heading-title elementor-size-default\">POLITIQUE DE COOKIES<span class=\"verde_medio\">.<\/span><\/h1>\t\t<\/div>\n\t\t\t\t<\/div>\n\t\t\t\t\t<\/div>\n\t\t<\/div>\n\t\t\t\t\t<\/div>\n\t\t<\/section>\n\t\t\t\t<section class=\"elementor-section elementor-top-section elementor-element elementor-element-4e604d17 elementor-section-boxed elementor-section-height-default elementor-section-height-default\" data-id=\"4e604d17\" data-element_type=\"section\" data-settings=\"{&quot;background_background&quot;:&quot;classic&quot;}\">\n\t\t\t\t\t\t<div class=\"elementor-container elementor-column-gap-default\">\n\t\t\t\t\t<div class=\"elementor-column elementor-col-100 elementor-top-column elementor-element elementor-element-61ada7ef\" data-id=\"61ada7ef\" data-element_type=\"column\">\n\t\t\t<div class=\"elementor-widget-wrap elementor-element-populated\">\n\t\t\t\t\t\t<div class=\"elementor-element elementor-element-23d23219 elementor-widget elementor-widget-text-editor\" data-id=\"23d23219\" data-element_type=\"widget\" data-widget_type=\"text-editor.default\">\n\t\t\t\t<div class=\"elementor-widget-container\">\n\t\t\t\t\t\t\t<p><span style=\"font-weight: 400;\">Iniciativas y Proyectos Hosteleros SL (Triton Dispenser), \u00e0 travers ce document, recueille sa politique de collecte et de traitement des cookies, conform\u00e9ment aux dispositions de l&rsquo;article 22.2 de la loi 34\/2002, du 11 juillet, sur les services de la soci\u00e9t\u00e9 de l&rsquo;information et du commerce \u00e9lectronique (en espagnol\u00a0: \u00ab\u00a0Servicios de la Sociedad de la Informaci\u00f3n y de Comercio Electr\u00f3nico [LSSICE]).<\/span><\/p><p><span style=\"font-weight: 400;\">Les cookies sont stock\u00e9s dans l&rsquo;\u00e9quipement terminal de l&rsquo;utilisateur (ordinateur ou appareil mobile) et collectent des informations lors de la visite du site www.tritondispenser.com, afin d&rsquo;am\u00e9liorer leur convivialit\u00e9, de conna\u00eetre les habitudes ou les besoins de navigation des utilisateurs pour pouvoir s&rsquo;y adapter, ainsi que d&rsquo;obtenir des informations \u00e0 des fins statistiques. Dans le cas des utilisateurs qui sont d\u00e9j\u00e0 clients de Iniciativas y Proyectos Hosteleros SL (Triton Dispenser), les informations recueillies avec les cookies serviront \u00e9galement \u00e0 leur identification lorsqu\u2019ils acc\u00e8dent aux diff\u00e9rents outils que Iniciativas y Proyectos Hosteleros SL (Triton Dispenser) met \u00e0 leur disposition pour g\u00e9rer les services.<\/span><\/p><p><span style=\"font-weight: 400;\">La pr\u00e9sente politique de cookies s&rsquo;appliquera aux utilisateurs qui visitent volontairement le site Web d&rsquo;Iniciativas y Proyectos Hosteleros SL (Triton Dispenser), remplissent des formulaires de collecte de donn\u00e9es, acc\u00e8dent aux outils qu&rsquo;Iniciativas y Proyectos Hosteleros SL (Triton Dispenser) met \u00e0 la disposition de ses clients pour g\u00e9rer ses services, ou utilisent tout autre service pr\u00e9sent sur le site Web qui implique la communication de donn\u00e9es \u00e0 Iniciativas y Proyectos Hosteleros SL (Triton Dispenser), ou l&rsquo;acc\u00e8s aux donn\u00e9es par Iniciativas y Proyectos Hosteleros SL (Triton Dispenser), pour la fourniture de ses services.<\/span><\/p><p><span style=\"font-weight: 400;\">Iniciativas y Proyectos Hosteleros SL (Triton Dispenser) informe les utilisateurs du pr\u00e9sent site Web de l&rsquo;existence de cookies et met \u00e0 leur disposition la pr\u00e9sente politique afin de les informer de leur utilisation et de leur objet. Le fait de continuer \u00e0 naviguer via ses pages suppose la connaissance et l&rsquo;acceptation de la pr\u00e9sente Politique de la part de ces utilisateurs.<\/span><\/p><p><span style=\"font-weight: 400;\">Iniciativas y Proyectos Hosteleros SL (Triton Dispenser) utilise les types de cookies suivants\u00a0:<\/span><\/p><p><span style=\"font-weight: 400;\">Class\u00e9s selon leur propri\u00e9t\u00e9\u00a0:<\/span><\/p><p><span style=\"font-weight: 400;\">* Cookies propres\u00b0: envoy\u00e9s et g\u00e9r\u00e9s directement par Iniciativas y Proyectos<\/span><span style=\"font-weight: 400;\"><br \/><\/span><span style=\"font-weight: 400;\">Hosteleros SL.<\/span><span style=\"font-weight: 400;\"><br \/><\/span><span style=\"font-weight: 400;\">* Cookies de tiers\u00b0: envoy\u00e9s et g\u00e9r\u00e9s par un tiers ext\u00e9rieur \u00e0 Iniciativas y Proyectos Hosteleros SL, de mani\u00e8re anonyme, afin de r\u00e9aliser des \u00e9tudes statistiques de navigation sur le site Web de Iniciativas y Proyectos Hosteleros SL.<\/span><\/p><p><span style=\"font-weight: 400;\">Class\u00e9s selon leur finalit\u00e9\u00a0:<\/span><\/p><p><span style=\"font-weight: 400;\">* Cookies techniques et\/ou de personnalisation\u00b0: ils facilitent la navigation, en identifiant la session, en permettant l&rsquo;acc\u00e8s \u00e0 des outils ayant un acc\u00e8s restreint, en plus de param\u00e9trer sur mesure les options disponibles. Ils permettent la fourniture du service pr\u00e9c\u00e9demment demand\u00e9 par l&rsquo;utilisateur.<\/span><\/p><p><span style=\"font-weight: 400;\">* Cookies d&rsquo;analyse et\/ou de publicit\u00e9\u00b0: ils permettent de conna\u00eetre le nombre de visites re\u00e7ues dans les diff\u00e9rentes rubriques du site Web, les habitudes et les tendances de ses utilisateurs et, par cons\u00e9quent, d&rsquo;am\u00e9liorer la navigation et le service offert par l&rsquo;h\u00f4tel (principalement, Google Analytics), ainsi que de g\u00e9rer les espaces publicitaires inclus dans le site Web visit\u00e9 par l&rsquo;utilisateur. Ils collectent des donn\u00e9es de mani\u00e8re anonyme afin d&rsquo;obtenir des profils de navigation des utilisateurs.<\/span><\/p><p><span style=\"font-weight: 400;\">Class\u00e9s selon leur dur\u00e9e\u00a0:<\/span><\/p><p><span style=\"font-weight: 400;\">* Cookies de session\u00b0: ils collectent et stockent les donn\u00e9es pendant que l&rsquo;utilisateur acc\u00e8de au site Web.<\/span><span style=\"font-weight: 400;\"><br \/><\/span><span style=\"font-weight: 400;\">* Cookies persistants\u00b0: ils collectent et stockent des donn\u00e9es dans le terminal de l\u2019utilisateur pendant une p\u00e9riode variable en fonction de la finalit\u00e9 pour laquelle ils ont \u00e9t\u00e9 utilis\u00e9s.<\/span><\/p><p><span style=\"font-weight: 400;\">La dur\u00e9e de conservation des cookies d\u00e9pendra du type en question et sera toujours le minimum indispensable pour atteindre son objectif.<\/span><\/p><p><span style=\"font-weight: 400;\">es utilisateurs peuvent dans tous les cas configurer leur navigateur de mani\u00e8re \u00e0 ce que la r\u00e9ception de la totalit\u00e9 ou une partie des cookies soit d\u00e9sactiv\u00e9e ou bloqu\u00e9e. Le fait de ne pas vouloir recevoir ces cookies ne constitue pas un obstacle \u00e0 l&rsquo;acc\u00e8s aux informations des sites Web de Iniciativas y Proyectos Hosteleros SL, bien que l&rsquo;utilisation de certains services puisse \u00eatre limit\u00e9e. Si une fois que vous avez donn\u00e9 votre consentement pour recevoir des cookies, vous souhaitez le retirer, vous devez supprimer ceux stock\u00e9s sur l&rsquo;ordinateur de l&rsquo;utilisateur, via les options des diff\u00e9rents navigateurs.<\/span><\/p><p><span style=\"font-weight: 400;\">La fa\u00e7on de configurer les diff\u00e9rents navigateurs pour exercer les actions indiqu\u00e9es dans les paragraphes pr\u00e9c\u00e9dents peut \u00eatre consult\u00e9e \u00e0 l&rsquo;adresse suivante\u00b0:<\/span><span style=\"font-weight: 400;\"><br \/><\/span><span style=\"font-weight: 400;\">* Explorer : http:\/\/windows.microsoft.com\/es-es\/windows7\/how-to-manage-cookies-in- internet-explorer-9<\/span><span style=\"font-weight: 400;\"><br \/><\/span><span style=\"font-weight: 400;\">* Chrome : https:\/\/support.google.com\/chrome\/answer\/95647?hl=es<\/span><span style=\"font-weight: 400;\"><br \/><\/span><span style=\"font-weight: 400;\">* Firefox : http:\/\/support.mozilla.org\/es\/kb\/cookies-informacion-que-los-sitios-web- guardan-en-?redirectlocale=en-US&amp;redirectslug=Cookies<\/span><\/p>\t\t\t\t\t\t<\/div>\n\t\t\t\t<\/div>\n\t\t\t\t\t<\/div>\n\t\t<\/div>\n\t\t\t\t\t<\/div>\n\t\t<\/section>\n\t\t\t\t<\/div>\n\t\t","protected":false},"excerpt":{"rendered":"<p>POLITIQUE DE COOKIES. Iniciativas y Proyectos Hosteleros SL (Triton Dispenser), \u00e0 travers ce document, recueille sa politique de collecte et de traitement des cookies, conform\u00e9ment aux dispositions de l&rsquo;article 22.2 de la loi 34\/2002, du 11 juillet, sur les services de la soci\u00e9t\u00e9 de l&rsquo;information et du commerce \u00e9lectronique (en espagnol\u00a0: \u00ab\u00a0Servicios de la Sociedad &#8230; <a title=\"Politique de cookies\" class=\"read-more\" href=\"https:\/\/tritondispenser.com\/fr\/politique-de-cookies\/\" aria-label=\"En savoir plus sur Politique de cookies\">Lire la suite<\/a><\/p>\n","protected":false},"author":7,"featured_media":4589,"parent":0,"menu_order":0,"comment_status":"closed","ping_status":"closed","template":"elementor_header_footer","meta":{"_acf_changed":false,"footnotes":""},"class_list":["post-6393","page","type-page","status-publish","has-post-thumbnail"],"acf":[],"yoast_head":"<!-- This site is optimized with the Yoast SEO plugin v26.1.1 - https:\/\/yoast.com\/wordpress\/plugins\/seo\/ -->\n<title>Politique de cookies - Tritondispenser<\/title>\n<meta name=\"description\" content=\"Iniciativas y Proyectos Hosteleros SL (Triton Dispenser), \u00e0 travers ce document, recueille sa politique de collecte et de traitement des cookies, conform\u00e9ment aux dispositions de l&#039;article 22.2 de la loi 34\/2002, du 11 juillet, sur les services de la soci\u00e9t\u00e9 de l&#039;information et du commerce \u00e9lectronique (en espagnol : \u00ab Servicios de la Sociedad de la Informaci\u00f3n y de Comercio Electr\u00f3nico [LSSICE]).\" \/>\n<meta name=\"robots\" content=\"index, follow, max-snippet:-1, max-image-preview:large, max-video-preview:-1\" \/>\n<link rel=\"canonical\" href=\"https:\/\/tritondispenser.com\/fr\/politique-de-cookies\/\" \/>\n<meta property=\"og:locale\" content=\"fr_FR\" \/>\n<meta property=\"og:type\" content=\"article\" \/>\n<meta property=\"og:title\" content=\"Politique de cookies - Tritondispenser\" \/>\n<meta property=\"og:description\" content=\"Iniciativas y Proyectos Hosteleros SL (Triton Dispenser), \u00e0 travers ce document, recueille sa politique de collecte et de traitement des cookies, conform\u00e9ment aux dispositions de l&#039;article 22.2 de la loi 34\/2002, du 11 juillet, sur les services de la soci\u00e9t\u00e9 de l&#039;information et du commerce \u00e9lectronique (en espagnol : \u00ab Servicios de la Sociedad de la Informaci\u00f3n y de Comercio Electr\u00f3nico [LSSICE]).\" \/>\n<meta property=\"og:url\" content=\"https:\/\/tritondispenser.com\/fr\/politique-de-cookies\/\" \/>\n<meta property=\"og:site_name\" content=\"Tritondispenser\" \/>\n<meta property=\"article:modified_time\" content=\"2022-11-02T11:41:11+00:00\" \/>\n<meta property=\"og:image\" content=\"https:\/\/tritondispenser.com\/wp-content\/uploads\/2022\/07\/Destacada-TRITON.jpg\" \/>\n\t<meta property=\"og:image:width\" content=\"900\" \/>\n\t<meta property=\"og:image:height\" content=\"600\" \/>\n\t<meta property=\"og:image:type\" content=\"image\/jpeg\" \/>\n<meta name=\"twitter:card\" content=\"summary_large_image\" \/>\n<meta name=\"twitter:label1\" content=\"Dur\u00e9e de lecture estim\u00e9e\" \/>\n\t<meta name=\"twitter:data1\" content=\"4 minutes\" \/>\n<script type=\"application\/ld+json\" class=\"yoast-schema-graph\">{\"@context\":\"https:\/\/schema.org\",\"@graph\":[{\"@type\":\"WebPage\",\"@id\":\"https:\/\/tritondispenser.com\/fr\/politique-de-cookies\/\",\"url\":\"https:\/\/tritondispenser.com\/fr\/politique-de-cookies\/\",\"name\":\"Politique de cookies - Tritondispenser\",\"isPartOf\":{\"@id\":\"https:\/\/tritondispenser.com\/#website\"},\"primaryImageOfPage\":{\"@id\":\"https:\/\/tritondispenser.com\/fr\/politique-de-cookies\/#primaryimage\"},\"image\":{\"@id\":\"https:\/\/tritondispenser.com\/fr\/politique-de-cookies\/#primaryimage\"},\"thumbnailUrl\":\"https:\/\/tritondispenser.com\/wp-content\/uploads\/2022\/07\/Destacada-TRITON.jpg\",\"datePublished\":\"2022-07-15T09:25:49+00:00\",\"dateModified\":\"2022-11-02T11:41:11+00:00\",\"description\":\"Iniciativas y Proyectos Hosteleros SL (Triton Dispenser), \u00e0 travers ce document, recueille sa politique de collecte et de traitement des cookies, conform\u00e9ment aux dispositions de l'article 22.2 de la loi 34\/2002, du 11 juillet, sur les services de la soci\u00e9t\u00e9 de l'information et du commerce \u00e9lectronique (en espagnol : \u00ab Servicios de la Sociedad de la Informaci\u00f3n y de Comercio Electr\u00f3nico [LSSICE]).\",\"breadcrumb\":{\"@id\":\"https:\/\/tritondispenser.com\/fr\/politique-de-cookies\/#breadcrumb\"},\"inLanguage\":\"fr-FR\",\"potentialAction\":[{\"@type\":\"ReadAction\",\"target\":[\"https:\/\/tritondispenser.com\/fr\/politique-de-cookies\/\"]}]},{\"@type\":\"ImageObject\",\"inLanguage\":\"fr-FR\",\"@id\":\"https:\/\/tritondispenser.com\/fr\/politique-de-cookies\/#primaryimage\",\"url\":\"https:\/\/tritondispenser.com\/wp-content\/uploads\/2022\/07\/Destacada-TRITON.jpg\",\"contentUrl\":\"https:\/\/tritondispenser.com\/wp-content\/uploads\/2022\/07\/Destacada-TRITON.jpg\",\"width\":900,\"height\":600},{\"@type\":\"BreadcrumbList\",\"@id\":\"https:\/\/tritondispenser.com\/fr\/politique-de-cookies\/#breadcrumb\",\"itemListElement\":[{\"@type\":\"ListItem\",\"position\":1,\"name\":\"Portada\",\"item\":\"https:\/\/tritondispenser.com\/\"},{\"@type\":\"ListItem\",\"position\":2,\"name\":\"Politique de cookies\"}]},{\"@type\":\"WebSite\",\"@id\":\"https:\/\/tritondispenser.com\/#website\",\"url\":\"https:\/\/tritondispenser.com\/\",\"name\":\"Tritondispenser\",\"description\":\"Dispensadores port\u00e1tiles de cerveza Tritondispenser, desde 1995\",\"publisher\":{\"@id\":\"https:\/\/tritondispenser.com\/#organization\"},\"potentialAction\":[{\"@type\":\"SearchAction\",\"target\":{\"@type\":\"EntryPoint\",\"urlTemplate\":\"https:\/\/tritondispenser.com\/?s={search_term_string}\"},\"query-input\":{\"@type\":\"PropertyValueSpecification\",\"valueRequired\":true,\"valueName\":\"search_term_string\"}}],\"inLanguage\":\"fr-FR\"},{\"@type\":\"Organization\",\"@id\":\"https:\/\/tritondispenser.com\/#organization\",\"name\":\"Tritondispenser\",\"url\":\"https:\/\/tritondispenser.com\/\",\"logo\":{\"@type\":\"ImageObject\",\"inLanguage\":\"fr-FR\",\"@id\":\"https:\/\/tritondispenser.com\/#\/schema\/logo\/image\/\",\"url\":\"https:\/\/tritondispenser.com\/wp-content\/uploads\/2022\/07\/logo-triton.svg\",\"contentUrl\":\"https:\/\/tritondispenser.com\/wp-content\/uploads\/2022\/07\/logo-triton.svg\",\"width\":1,\"height\":1,\"caption\":\"Tritondispenser\"},\"image\":{\"@id\":\"https:\/\/tritondispenser.com\/#\/schema\/logo\/image\/\"}}]}<\/script>\n<!-- \/ Yoast SEO plugin. -->","yoast_head_json":{"title":"Politique de cookies - Tritondispenser","description":"Iniciativas y Proyectos Hosteleros SL (Triton Dispenser), \u00e0 travers ce document, recueille sa politique de collecte et de traitement des cookies, conform\u00e9ment aux dispositions de l'article 22.2 de la loi 34\/2002, du 11 juillet, sur les services de la soci\u00e9t\u00e9 de l'information et du commerce \u00e9lectronique (en espagnol : \u00ab Servicios de la Sociedad de la Informaci\u00f3n y de Comercio Electr\u00f3nico [LSSICE]).","robots":{"index":"index","follow":"follow","max-snippet":"max-snippet:-1","max-image-preview":"max-image-preview:large","max-video-preview":"max-video-preview:-1"},"canonical":"https:\/\/tritondispenser.com\/fr\/politique-de-cookies\/","og_locale":"fr_FR","og_type":"article","og_title":"Politique de cookies - Tritondispenser","og_description":"Iniciativas y Proyectos Hosteleros SL (Triton Dispenser), \u00e0 travers ce document, recueille sa politique de collecte et de traitement des cookies, conform\u00e9ment aux dispositions de l'article 22.2 de la loi 34\/2002, du 11 juillet, sur les services de la soci\u00e9t\u00e9 de l'information et du commerce \u00e9lectronique (en espagnol : \u00ab Servicios de la Sociedad de la Informaci\u00f3n y de Comercio Electr\u00f3nico [LSSICE]).","og_url":"https:\/\/tritondispenser.com\/fr\/politique-de-cookies\/","og_site_name":"Tritondispenser","article_modified_time":"2022-11-02T11:41:11+00:00","og_image":[{"width":900,"height":600,"url":"https:\/\/tritondispenser.com\/wp-content\/uploads\/2022\/07\/Destacada-TRITON.jpg","type":"image\/jpeg"}],"twitter_card":"summary_large_image","twitter_misc":{"Dur\u00e9e de lecture estim\u00e9e":"4 minutes"},"schema":{"@context":"https:\/\/schema.org","@graph":[{"@type":"WebPage","@id":"https:\/\/tritondispenser.com\/fr\/politique-de-cookies\/","url":"https:\/\/tritondispenser.com\/fr\/politique-de-cookies\/","name":"Politique de cookies - Tritondispenser","isPartOf":{"@id":"https:\/\/tritondispenser.com\/#website"},"primaryImageOfPage":{"@id":"https:\/\/tritondispenser.com\/fr\/politique-de-cookies\/#primaryimage"},"image":{"@id":"https:\/\/tritondispenser.com\/fr\/politique-de-cookies\/#primaryimage"},"thumbnailUrl":"https:\/\/tritondispenser.com\/wp-content\/uploads\/2022\/07\/Destacada-TRITON.jpg","datePublished":"2022-07-15T09:25:49+00:00","dateModified":"2022-11-02T11:41:11+00:00","description":"Iniciativas y Proyectos Hosteleros SL (Triton Dispenser), \u00e0 travers ce document, recueille sa politique de collecte et de traitement des cookies, conform\u00e9ment aux dispositions de l'article 22.2 de la loi 34\/2002, du 11 juillet, sur les services de la soci\u00e9t\u00e9 de l'information et du commerce \u00e9lectronique (en espagnol : \u00ab Servicios de la Sociedad de la Informaci\u00f3n y de Comercio Electr\u00f3nico [LSSICE]).","breadcrumb":{"@id":"https:\/\/tritondispenser.com\/fr\/politique-de-cookies\/#breadcrumb"},"inLanguage":"fr-FR","potentialAction":[{"@type":"ReadAction","target":["https:\/\/tritondispenser.com\/fr\/politique-de-cookies\/"]}]},{"@type":"ImageObject","inLanguage":"fr-FR","@id":"https:\/\/tritondispenser.com\/fr\/politique-de-cookies\/#primaryimage","url":"https:\/\/tritondispenser.com\/wp-content\/uploads\/2022\/07\/Destacada-TRITON.jpg","contentUrl":"https:\/\/tritondispenser.com\/wp-content\/uploads\/2022\/07\/Destacada-TRITON.jpg","width":900,"height":600},{"@type":"BreadcrumbList","@id":"https:\/\/tritondispenser.com\/fr\/politique-de-cookies\/#breadcrumb","itemListElement":[{"@type":"ListItem","position":1,"name":"Portada","item":"https:\/\/tritondispenser.com\/"},{"@type":"ListItem","position":2,"name":"Politique de cookies"}]},{"@type":"WebSite","@id":"https:\/\/tritondispenser.com\/#website","url":"https:\/\/tritondispenser.com\/","name":"Tritondispenser","description":"Dispensadores port\u00e1tiles de cerveza Tritondispenser, desde 1995","publisher":{"@id":"https:\/\/tritondispenser.com\/#organization"},"potentialAction":[{"@type":"SearchAction","target":{"@type":"EntryPoint","urlTemplate":"https:\/\/tritondispenser.com\/?s={search_term_string}"},"query-input":{"@type":"PropertyValueSpecification","valueRequired":true,"valueName":"search_term_string"}}],"inLanguage":"fr-FR"},{"@type":"Organization","@id":"https:\/\/tritondispenser.com\/#organization","name":"Tritondispenser","url":"https:\/\/tritondispenser.com\/","logo":{"@type":"ImageObject","inLanguage":"fr-FR","@id":"https:\/\/tritondispenser.com\/#\/schema\/logo\/image\/","url":"https:\/\/tritondispenser.com\/wp-content\/uploads\/2022\/07\/logo-triton.svg","contentUrl":"https:\/\/tritondispenser.com\/wp-content\/uploads\/2022\/07\/logo-triton.svg","width":1,"height":1,"caption":"Tritondispenser"},"image":{"@id":"https:\/\/tritondispenser.com\/#\/schema\/logo\/image\/"}}]}},"_links":{"self":[{"href":"https:\/\/tritondispenser.com\/fr\/wp-json\/wp\/v2\/pages\/6393","targetHints":{"allow":["GET"]}}],"collection":[{"href":"https:\/\/tritondispenser.com\/fr\/wp-json\/wp\/v2\/pages"}],"about":[{"href":"https:\/\/tritondispenser.com\/fr\/wp-json\/wp\/v2\/types\/page"}],"author":[{"embeddable":true,"href":"https:\/\/tritondispenser.com\/fr\/wp-json\/wp\/v2\/users\/7"}],"replies":[{"embeddable":true,"href":"https:\/\/tritondispenser.com\/fr\/wp-json\/wp\/v2\/comments?post=6393"}],"version-history":[{"count":4,"href":"https:\/\/tritondispenser.com\/fr\/wp-json\/wp\/v2\/pages\/6393\/revisions"}],"predecessor-version":[{"id":6398,"href":"https:\/\/tritondispenser.com\/fr\/wp-json\/wp\/v2\/pages\/6393\/revisions\/6398"}],"wp:featuredmedia":[{"embeddable":true,"href":"https:\/\/tritondispenser.com\/fr\/wp-json\/wp\/v2\/media\/4589"}],"wp:attachment":[{"href":"https:\/\/tritondispenser.com\/fr\/wp-json\/wp\/v2\/media?parent=6393"}],"curies":[{"name":"wp","href":"https:\/\/api.w.org\/{rel}","templated":true}]}}